{"id":42,"date":"2018-05-10T22:25:14","date_gmt":"2018-05-10T20:25:14","guid":{"rendered":"http:\/\/psydesetoiles.com\/?page_id=42"},"modified":"2023-09-27T12:20:59","modified_gmt":"2023-09-27T10:20:59","slug":"la-gestalt-therapie","status":"publish","type":"page","link":"https:\/\/psydesetoiles.com\/index.php\/la-gestalt-therapie\/","title":{"rendered":"La Gestalt-th\u00e9rapie"},"content":{"rendered":"<p><img decoding=\"async\" loading=\"lazy\" class=\"wp-image-125 alignnone\" src=\"https:\/\/psydesetoiles.com\/wp-content\/uploads\/2018\/06\/Image-petit-prince-pour-site.jpg\" alt=\"\" width=\"356\" height=\"230\" srcset=\"https:\/\/psydesetoiles.com\/wp-content\/uploads\/2018\/06\/Image-petit-prince-pour-site.jpg 1003w, https:\/\/psydesetoiles.com\/wp-content\/uploads\/2018\/06\/Image-petit-prince-pour-site-300x194.jpg 300w, https:\/\/psydesetoiles.com\/wp-content\/uploads\/2018\/06\/Image-petit-prince-pour-site-768x497.jpg 768w\" sizes=\"(max-width: 356px) 100vw, 356px\" \/><\/p>\n<p style=\"text-align: left;\"><span style=\"color: #000080;\"><em>\u00ab\u00a0L\u2019essentiel est invisible pour les yeux\u00a0\u00bb \u00a0<\/em><em>A. De Saint-Exup\u00e9ry<\/em><\/span><\/p>\n<div class=\"page\" title=\"Page 2\">\n<div class=\"layoutArea\">\n<div class=\"column\">\n<hr \/>\n<h3><span style=\"color: #000080;\">Qu\u2019est-ce que c\u2019est ?<\/span><\/h3>\n<p><img decoding=\"async\" loading=\"lazy\" class=\"wp-image-127 aligncenter\" src=\"https:\/\/psydesetoiles.com\/wp-content\/uploads\/2018\/06\/Goutte-deau.jpg\" alt=\"\" width=\"364\" height=\"273\" srcset=\"https:\/\/psydesetoiles.com\/wp-content\/uploads\/2018\/06\/Goutte-deau.jpg 480w, https:\/\/psydesetoiles.com\/wp-content\/uploads\/2018\/06\/Goutte-deau-300x225.jpg 300w\" sizes=\"(max-width: 364px) 100vw, 364px\" \/><\/p>\n<p>La <strong>Gestalt-Th\u00e9rapie<\/strong> \u00a0est une approche psychoth\u00e9rapeutique du courant <strong>humaniste<\/strong>. Elle prend en compte la personne ou le couple dans ses <strong>dimensions corporelles, cognitives et \u00e9motionnelles<\/strong>. Elle vise \u00e0 un changement afin d&#8217;am\u00e9liorer <strong><span style=\"color: #000000;\">l\u2019interaction de la personne avec son environnement ou l&#8217;interaction au sein d&#8217;un couple<\/span><\/strong>. Cette interaction est d\u00e9nomm\u00e9e<strong><span style=\"color: #000000;\"> le contact<\/span><\/strong>.<\/p>\n<p>En Gestalt, c&#8217;est dans <strong>la fluidit\u00e9 de l&#8217;action de contacter<\/strong> que se mesure la <strong>bonne sant\u00e9 psychique de la personne ou du couple<\/strong>. Pouvoir dire &#8220;Non !&#8221; quand c&#8217;est bon pour nous, accepter de prendre ce qui nous nourrit et rejeter ce qui ne peut \u00eatre assimil\u00e9, partager notre monde int\u00e9rieur ou notre vision du monde quand c&#8217;est appropri\u00e9, sont autant d&#8217;exemples qui illustrent cette fluidit\u00e9.<\/p>\n<p><img decoding=\"async\" loading=\"lazy\" class=\"wp-image-128  aligncenter\" src=\"https:\/\/psydesetoiles.com\/wp-content\/uploads\/2018\/06\/Sueur-e1530173347748.jpg\" alt=\"\" width=\"294\" height=\"273\" srcset=\"https:\/\/psydesetoiles.com\/wp-content\/uploads\/2018\/06\/Sueur-e1530173347748.jpg 406w, https:\/\/psydesetoiles.com\/wp-content\/uploads\/2018\/06\/Sueur-e1530173347748-300x279.jpg 300w, https:\/\/psydesetoiles.com\/wp-content\/uploads\/2018\/06\/Sueur-e1530173347748-270x250.jpg 270w\" sizes=\"(max-width: 294px) 100vw, 294px\" \/>Tous les organismes vivants sont soumis \u00e0 la m\u00eame <strong>r\u00e8gle d&#8217;hom\u00e9ostasie<\/strong> qui consiste \u00e0 <strong>r\u00e9guler<\/strong> autour d&#8217;une valeur moyenne ses param\u00e8tres physiologiques \u00a0(temp\u00e9rature, pression, acidit\u00e9,&#8230;) <strong>afin d&#8217;assurer sa survie<\/strong>. Le ph\u00e9nom\u00e8ne de sudation en est un exemple. Il permet de r\u00e9guler la temp\u00e9rature corporelle.<\/p>\n<p>Etant vous-m\u00eame soumis au principe d&#8217;hom\u00e9ostasie au cours de votre histoire personnelle, \u00e0 chaque exp\u00e9rience de contact avec votre environnement, <strong>vous avez mis en oeuvre des strat\u00e9gies pour r\u00e9guler le contact afin de maintenir votre int\u00e9grit\u00e9<\/strong>. Si certaines strat\u00e9gies ont certainement \u00e9t\u00e9 adapt\u00e9es par le pass\u00e9, elles ne le sont peut-\u00eatre plus aujourd&#8217;hui. Cela peut vous conduire \u00e0 avoir des difficult\u00e9s dans le contact qui vous font souffrir. Fluidifier vos modalit\u00e9s de contact et mettre \u00e0 jour vos r\u00e9sistances peuvent permettre de soulager cette douleur. Le cadre du cabinet est l&#8217;endroit privil\u00e9gi\u00e9 pour <strong>exp\u00e9rimenter de nouvelles modalit\u00e9s de contac<\/strong>t adapt\u00e9es \u00e0 votre vie d&#8217;aujourd&#8217;hui,\u00a0<strong>dans un environnement s\u00e9curisant<\/strong>.<\/p>\n<p><img decoding=\"async\" loading=\"lazy\" class=\"wp-image-130 aligncenter\" src=\"https:\/\/psydesetoiles.com\/wp-content\/uploads\/2018\/07\/horsehead.jpg\" alt=\"\" width=\"285\" height=\"289\" srcset=\"https:\/\/psydesetoiles.com\/wp-content\/uploads\/2018\/07\/horsehead.jpg 800w, https:\/\/psydesetoiles.com\/wp-content\/uploads\/2018\/07\/horsehead-296x300.jpg 296w, https:\/\/psydesetoiles.com\/wp-content\/uploads\/2018\/07\/horsehead-768x778.jpg 768w\" sizes=\"(max-width: 285px) 100vw, 285px\" \/><\/p>\n<p>Un des fondements de la Gestalt-Th\u00e9rapie est la <strong>ph\u00e9nom\u00e9nologie<\/strong> qui est l&#8217;\u00e9tude de ce qui apparait du ph\u00e9nom\u00e8ne, ce qui fait sens. Le terme allemand \u00ab gestalt \u00bb peut se traduire par \u00ab forme \u00bb au sens de<strong> prendre forme<\/strong>. Mon travail de gestalt-praticien consiste \u00e0 vous accompagner et \u00e0 soutenir, par ma qualit\u00e9 de pr\u00e9sence, la <strong>prise de conscience de la forme<\/strong> qui \u00e9merge dans le contact au cours de la s\u00e9ance. Mon analyse permet alors d\u2019<strong>identifier les r\u00e9sistances qui y sont associ\u00e9es<\/strong> et de vous accompagner dans le d\u00e9ploiement d&#8217;une modalit\u00e9 de contact possiblement mieux ajust\u00e9e.<\/p>\n<p>Le travail th\u00e9rapeutique consiste donc \u00e0 <strong>vous accompagner dans cette exp\u00e9rience de la nouveaut\u00e9<\/strong>. C\u2019est \u00e0 partir de cette exp\u00e9rience que nous pourrons travailler \u00e0 votre transformation personnelle pour une <strong>meilleure fluidit\u00e9 dans le contact<\/strong>.<\/p>\n<\/div>\n<\/div>\n<div class=\"layoutArea\">\n<div class=\"column\">\n<h3><\/h3>\n<h3><span style=\"color: #000080;\">Les outils<\/span><\/h3>\n<p>La Gestalt-th\u00e9rapie permet de soutenir le processus de changement personnel. Mes interventions en tant que praticien sont actives mais non directives. Elles sont bas\u00e9es sur la curiosit\u00e9, l&#8217;observation de ce qui se passe dans l&#8217;instant pr\u00e9sent et sur le non-jugement de l\u2019autre. <strong>Je porte mon attention tout particuli\u00e8rement\u00a0sur les manifestations corporelles et \u00e9motionnelles<\/strong>. En ce sens la Gestalt-th\u00e9rapie est une th\u00e9rapie psycho-corporelle.<\/p>\n<p>Je serai amen\u00e9 \u00e0 utiliser diverses techniques afin de vous aider \u00e0 faire \u00e9merger en s\u00e9ance des v\u00e9cus ou des situations fig\u00e9es. L&#8217;\u00e9change verbal est bien-s\u00fbr \u00e0 la base de tous nos \u00e9changes mais nous nous attacherons \u00e0 <strong>adresser directement nos paroles<\/strong>. Par exemple, je vous inviterai \u00e0 <strong>parler \u00e0 quelqu&#8217;un plut\u00f4t que sur ou \u00e0 propos de quelqu&#8217;un, m\u00eame s&#8217;il est absent<\/strong>. Pour ce faire, nous\u00a0pourrons \u00eatre amen\u00e9s \u00e0 choisir une chaise vide ou un autre objet (coussin, peluche, poup\u00e9e,&#8230;) \u00e0 qui nous adresser. De mani\u00e8re plus g\u00e9n\u00e9rale, la mise en situation, en rejouant une sc\u00e8ne dans l&#8217;enceinte du cabinet, ou en amplifiant certains gestes ou paroles exprim\u00e9es, sont autant d&#8217;outils qui permettent d&#8217;<strong>acc\u00e9der plus directement \u00e0 la prise de conscience de ce qui est pr\u00e9sent<\/strong>.<\/p>\n<\/div>\n<div class=\"column\">\n<h3><span style=\"color: #000080;\">Pour qui ?<\/span><\/h3>\n<p>La Gestalt\u2013th\u00e9rapie est adapt\u00e9e \u00e0 une grande vari\u00e9t\u00e9 de demandes et de publics diff\u00e9rents :\u00a0adultes,\u00a0couples,\u00a0adolescents,\u00a0enfants et\u00a0familles.<\/p>\n<h3><span style=\"color: #000080;\">Pour quoi ?<\/span><\/h3>\n<p>Elle permet de traiter divers cas cliniques : d\u00e9pressions, addictions, deuil, s\u00e9paration, mal-\u00eatre, crises d\u2019angoisse&#8230;<\/p>\n<p>Ou plus simplement aider \u00e0 un d\u00e9veloppement personnel.<\/p>\n<h3><span style=\"color: #000080;\">Ce que vous pouvez en attendre<\/span><\/h3>\n<p>La Gestalt-th\u00e9rapie permet de retrouver une fluidit\u00e9 de contact. Cela se traduit par une meilleure autonomie, un bien-\u00eatre accru, une joie de vivre retrouv\u00e9e, une capacit\u00e9 \u00e0 prendre soin de soi.<\/p>\n<\/div>\n<\/div>\n<\/div>\n","protected":false},"excerpt":{"rendered":"<p>\u00ab\u00a0L\u2019essentiel est invisible pour les yeux\u00a0\u00bb \u00a0A. De Saint-Exup\u00e9ry Qu\u2019est-ce que c\u2019est ? La Gestalt-Th\u00e9rapie \u00a0est une approche psychoth\u00e9rapeutique du courant humaniste. Elle prend en compte la personne ou le couple dans ses dimensions corporelles, cognitives et \u00e9motionnelles. Elle vise \u00e0 un changement afin d&#8217;am\u00e9liorer l\u2019interaction de la personne avec son environnement ou l&#8217;interaction au [&hellip;]<\/p>\n","protected":false},"author":1,"featured_media":0,"parent":0,"menu_order":0,"comment_status":"closed","ping_status":"closed","template":"","meta":{"sfsi_plus_gutenberg_text_before_share":"","sfsi_plus_gutenberg_show_text_before_share":"","sfsi_plus_gutenberg_icon_type":"","sfsi_plus_gutenberg_icon_alignemt":"","sfsi_plus_gutenburg_max_per_row":"","footnotes":""},"_links":{"self":[{"href":"https:\/\/psydesetoiles.com\/index.php\/wp-json\/wp\/v2\/pages\/42"}],"collection":[{"href":"https:\/\/psydesetoiles.com\/index.php\/wp-json\/wp\/v2\/pages"}],"about":[{"href":"https:\/\/psydesetoiles.com\/index.php\/wp-json\/wp\/v2\/types\/page"}],"author":[{"embeddable":true,"href":"https:\/\/psydesetoiles.com\/index.php\/wp-json\/wp\/v2\/users\/1"}],"replies":[{"embeddable":true,"href":"https:\/\/psydesetoiles.com\/index.php\/wp-json\/wp\/v2\/comments?post=42"}],"version-history":[{"count":13,"href":"https:\/\/psydesetoiles.com\/index.php\/wp-json\/wp\/v2\/pages\/42\/revisions"}],"predecessor-version":[{"id":232,"href":"https:\/\/psydesetoiles.com\/index.php\/wp-json\/wp\/v2\/pages\/42\/revisions\/232"}],"wp:attachment":[{"href":"https:\/\/psydesetoiles.com\/index.php\/wp-json\/wp\/v2\/media?parent=42"}],"curies":[{"name":"wp","href":"https:\/\/api.w.org\/{rel}","templated":true}]}}