{"id":20,"date":"2018-05-10T22:09:09","date_gmt":"2018-05-10T20:09:09","guid":{"rendered":"http:\/\/psydesetoiles.com\/?page_id=20"},"modified":"2023-09-27T12:08:51","modified_gmt":"2023-09-27T10:08:51","slug":"presentation","status":"publish","type":"page","link":"https:\/\/psydesetoiles.com\/index.php\/presentation\/","title":{"rendered":"Pr\u00e9sentation"},"content":{"rendered":"<p><img decoding=\"async\" loading=\"lazy\" class=\"wp-image-51 aligncenter\" src=\"https:\/\/psydesetoiles.com\/wp-content\/uploads\/2018\/05\/IMG_6122-1-e1526921518329-1024x760.jpg\" alt=\"\" width=\"302\" height=\"224\" srcset=\"https:\/\/psydesetoiles.com\/wp-content\/uploads\/2018\/05\/IMG_6122-1-e1526921518329-1024x760.jpg 1024w, https:\/\/psydesetoiles.com\/wp-content\/uploads\/2018\/05\/IMG_6122-1-e1526921518329-300x223.jpg 300w, https:\/\/psydesetoiles.com\/wp-content\/uploads\/2018\/05\/IMG_6122-1-e1526921518329-768x570.jpg 768w\" sizes=\"(max-width: 302px) 100vw, 302px\" \/><\/p>\n<p>Bonjour et bienvenue sur mon site dont le nom n&#8217;a pas \u00e9t\u00e9 choisi au hasard.<\/p>\n<p>Je me nomme Yves Benilan, et je suis Professeur d\u2019Universit\u00e9 sp\u00e9cialis\u00e9 dans le domaine de l\u2019Astrophysique. Avant \u00e7a, j\u2019ai men\u00e9 au sein du CNRS des recherches portant sur l\u2019origine de la vie dans l&#8217;Univers.<\/p>\n<p>Mon parcours de vie m&#8217;a conduit \u00e0 travailler sur moi. Et, il y a 10 ans, mes pas m&#8217;ont conduit dans le cabinet d&#8217;une psychoth\u00e9rapeute gestaltiste. A cette occasion, j&#8217;ai d\u00e9couvert la Gestalt-Th\u00e9rapie par l&#8217;exp\u00e9rience et cela \u00e0 chang\u00e9 ma vie.<\/p>\n<p>Ma fonction d\u2019enseignant universitaire m\u2019a ensuite amen\u00e9 \u00e0 d\u00e9velopper une cellule d\u2019aide et d&#8217;accompagnement pour les \u00e9tudiants pr\u00e9sentant des handicaps et des difficult\u00e9s d\u2019insertion. Cette d\u00e9marche m\u2019a conduit \u00e0 me former en Gestalt-th\u00e9rapie \u00e0 l\u2019<a href=\"https:\/\/www.epg-gestalt.fr\/fr\/\">Ecole Parisienne de Gestalt<\/a><\/p>\n<p>Aujourd&#8217;hui, anim\u00e9 par l\u2019envie d\u2019accompagner et de soutenir psychologiquement les personnes et les couples, je vous propose \u00a0mon aide dans le cadre d\u2019une psychoth\u00e9rapie en cabinet. Je mettrai \u00e0 votre service mes acquis et mes comp\u00e9tences afin de vous accompagner sur les chemins du changement.<\/p>\n<p>Je suis particuli\u00e8rement sensibilis\u00e9 sur toutes les questions en lien avec la pr\u00e9carit\u00e9 sociale, le handicap et les addictions.<\/p>\n","protected":false},"excerpt":{"rendered":"<p>Bonjour et bienvenue sur mon site dont le nom n&#8217;a pas \u00e9t\u00e9 choisi au hasard. Je me nomme Yves Benilan, et je suis Professeur d\u2019Universit\u00e9 sp\u00e9cialis\u00e9 dans le domaine de l\u2019Astrophysique. Avant \u00e7a, j\u2019ai men\u00e9 au sein du CNRS des recherches portant sur l\u2019origine de la vie dans l&#8217;Univers. Mon parcours de vie m&#8217;a conduit [&hellip;]<\/p>\n","protected":false},"author":1,"featured_media":0,"parent":0,"menu_order":0,"comment_status":"closed","ping_status":"closed","template":"","meta":{"sfsi_plus_gutenberg_text_before_share":"","sfsi_plus_gutenberg_show_text_before_share":"","sfsi_plus_gutenberg_icon_type":"","sfsi_plus_gutenberg_icon_alignemt":"","sfsi_plus_gutenburg_max_per_row":"","footnotes":""},"_links":{"self":[{"href":"https:\/\/psydesetoiles.com\/index.php\/wp-json\/wp\/v2\/pages\/20"}],"collection":[{"href":"https:\/\/psydesetoiles.com\/index.php\/wp-json\/wp\/v2\/pages"}],"about":[{"href":"https:\/\/psydesetoiles.com\/index.php\/wp-json\/wp\/v2\/types\/page"}],"author":[{"embeddable":true,"href":"https:\/\/psydesetoiles.com\/index.php\/wp-json\/wp\/v2\/users\/1"}],"replies":[{"embeddable":true,"href":"https:\/\/psydesetoiles.com\/index.php\/wp-json\/wp\/v2\/comments?post=20"}],"version-history":[{"count":18,"href":"https:\/\/psydesetoiles.com\/index.php\/wp-json\/wp\/v2\/pages\/20\/revisions"}],"predecessor-version":[{"id":230,"href":"https:\/\/psydesetoiles.com\/index.php\/wp-json\/wp\/v2\/pages\/20\/revisions\/230"}],"wp:attachment":[{"href":"https:\/\/psydesetoiles.com\/index.php\/wp-json\/wp\/v2\/media?parent=20"}],"curies":[{"name":"wp","href":"https:\/\/api.w.org\/{rel}","templated":true}]}}